{"id":385,"date":"2022-01-27T16:39:41","date_gmt":"2022-01-27T15:39:41","guid":{"rendered":"https:\/\/www.arttech.com\/politique-de-protection-des-donnees-personnelles\/"},"modified":"2022-03-11T14:54:47","modified_gmt":"2022-03-11T13:54:47","slug":"privacy-policy","status":"publish","type":"page","link":"https:\/\/www.arttech.com\/en\/privacy-policy\/","title":{"rendered":"Privacy policy"},"content":{"rendered":"<p>[vc_row][vc_column][vc_column_text el_class=&#8221;titre-grand&#8221;]<\/p>\n<h2>Privacy policy<\/h2>\n<p>[\/vc_column_text][\/vc_column][\/vc_row][vc_row][vc_column][vc_column_text]<span class=\"fort\">Privacy Policy<\/span><br \/>\nIn accordance with the General Data Protection Regulation (GDPR) in force in the European Union since 25\/05\/2018, this privacy policy informs you about how ART&#8217;TECH uses \/ processes the information collected about you when you visit this site. This privacy policy may be modified at any time by ART&#8217;TECH, in order to comply with the provisions of the national and Community texts.[\/vc_column_text][vc_column_text]<span class=\"fort\">Personal Data (DCP)<\/span><br \/>\nART&#8217;TECH collects the following data through forms, such as &#8220;Contact Us&#8221;.<\/p>\n<p>Last name \u00a0\u00a0\u00a0\u00a0\u00a0\u00a0\u00a0\u00a0First Name<br \/>\nCompany \u00a0\u00a0\u00a0\u00a0\u00a0\u00a0\u00a0\u00a0\u00a0Function<br \/>\nTelephone \u00a0\u00a0\u00a0\u00a0\u00a0\u00a0\u00a0\u00a0E-mail address<br \/>\nAddress \u00a0\u00a0\u00a0\u00a0\u00a0\u00a0\u00a0\u00a0\u00a0\u00a0\u00a0\u00a0City[\/vc_column_text][vc_column_text]<span class=\"fort\">Purposes of the treatment<\/span><br \/>\nExclusively for our services, these DCPs are operated by ART&#8217;TECH to\u00a0:<\/p>\n<ul>\n<li>Answer questions ; communicate commercial or technical information about their products,<\/li>\n<li>Send samples of his products,<\/li>\n<li>Follow up on prospects, clients, projects<\/li>\n<\/ul>\n<p>[\/vc_column_text][vc_column_text]<span class=\"fort\">Responsible for treatment<\/span><br \/>\nART&#8217;TECH<br \/>\n1660 Route de l&#8217;Arny<br \/>\n74350 Allonzier La Caille &#8211; France[\/vc_column_text][vc_column_text]<span class=\"fort\">Recipients of the data<\/span><br \/>\nART&#8217;TECH is the sole recipient of your personal information.<br \/>\nART&#8217;TECH does not proceed to the marketing of the personal data of its contacts.[\/vc_column_text][vc_column_text]<span class=\"fort\">Data retention period<\/span><br \/>\nThe personal information is kept by ART&#8217;TECH for the time corresponding to the purpose of the collection or that of the commercial relationship that follows.[\/vc_column_text][vc_column_text]<span class=\"fort\">Vos droits sur les donn\u00e9es vous concernant<\/span><br \/>\nVous pouvez acc\u00e9der aux donn\u00e9es vous concernant et en obtenir copie, vous opposer au traitement de ces donn\u00e9es, les faire rectifier ou les faire effacer.[\/vc_column_text][vc_column_text]<span class=\"fort\">Your rights to data about you<\/span><\/p>\n<p>You may access and obtain copies of your personal data, oppose the processing of such data, have them rectified or erased.<\/p>\n<p>You can exercise these rights\u00a0:<\/p>\n<ul>\n<li>By mail addressed to : ART&#8217;TECH &#8211; 1660 Route de l&#8217;Arny &#8211; 74350 ALLONZIER LA CAILLE<\/li>\n<li>Through our &#8220;Contact Us&#8221; form.<\/li>\n<\/ul>\n<p>[\/vc_column_text][vc_column_text]If you consider that ART&#8217;TECH does not respect its obligations with regard to your personal information, you can send a complaint or a request to the CNIL electronically by clicking on the following link :<\/p>\n<p><a href=\"https:\/\/www.cnil.fr\/fr\/plaintes\/internet\">https:\/\/www.cnil.fr\/fr\/plaintes\/internet<\/a>[\/vc_column_text][\/vc_column][\/vc_row]<\/p>\n","protected":false},"excerpt":{"rendered":"<p>[vc_row][vc_column][vc_column_text el_class=&#8221;titre-grand&#8221;] Privacy policy [\/vc_column_text][\/vc_column][\/vc_row][vc_row][vc_column][vc_column_text]Privacy Policy In accordance with the General Data Protection Regulation (GDPR) in force in the European Union since 25\/05\/2018, this privacy policy<span class=\"excerpt-hellip\"> [\u2026]<\/span><\/p>\n","protected":false},"author":1,"featured_media":0,"parent":0,"menu_order":0,"comment_status":"closed","ping_status":"closed","template":"","meta":{"footnotes":""},"class_list":["post-385","page","type-page","status-publish","hentry"],"yoast_head":"<!-- This site is optimized with the Yoast SEO plugin v24.9 - https:\/\/yoast.com\/wordpress\/plugins\/seo\/ -->\n<title>Our privacy policy<\/title>\n<meta name=\"robots\" content=\"index, follow, max-snippet:-1, max-image-preview:large, max-video-preview:-1\" \/>\n<link rel=\"canonical\" href=\"https:\/\/www.arttech.com\/en\/privacy-policy\/\" \/>\n<meta property=\"og:locale\" content=\"en_GB\" \/>\n<meta property=\"og:type\" content=\"article\" \/>\n<meta property=\"og:title\" content=\"Our privacy policy\" \/>\n<meta property=\"og:description\" content=\"[vc_row][vc_column][vc_column_text el_class=&#8221;titre-grand&#8221;] Privacy policy [\/vc_column_text][\/vc_column][\/vc_row][vc_row][vc_column][vc_column_text]Privacy Policy In accordance with the General Data Protection Regulation (GDPR) in force in the European Union since 25\/05\/2018, this privacy policy [\u2026]\" \/>\n<meta property=\"og:url\" content=\"https:\/\/www.arttech.com\/en\/privacy-policy\/\" \/>\n<meta property=\"og:site_name\" content=\"Art&#039;Tech\" \/>\n<meta property=\"article:modified_time\" content=\"2022-03-11T13:54:47+00:00\" \/>\n<meta name=\"twitter:card\" content=\"summary_large_image\" \/>\n<meta name=\"twitter:label1\" content=\"Estimated reading time\" \/>\n\t<meta name=\"twitter:data1\" content=\"2 minutes\" \/>\n<script type=\"application\/ld+json\" class=\"yoast-schema-graph\">{\"@context\":\"https:\/\/schema.org\",\"@graph\":[{\"@type\":\"WebPage\",\"@id\":\"https:\/\/www.arttech.com\/en\/privacy-policy\/\",\"url\":\"https:\/\/www.arttech.com\/en\/privacy-policy\/\",\"name\":\"Our privacy policy\",\"isPartOf\":{\"@id\":\"https:\/\/www.arttech.com\/en\/#website\"},\"datePublished\":\"2022-01-27T15:39:41+00:00\",\"dateModified\":\"2022-03-11T13:54:47+00:00\",\"breadcrumb\":{\"@id\":\"https:\/\/www.arttech.com\/en\/privacy-policy\/#breadcrumb\"},\"inLanguage\":\"en-GB\",\"potentialAction\":[{\"@type\":\"ReadAction\",\"target\":[\"https:\/\/www.arttech.com\/en\/privacy-policy\/\"]}]},{\"@type\":\"BreadcrumbList\",\"@id\":\"https:\/\/www.arttech.com\/en\/privacy-policy\/#breadcrumb\",\"itemListElement\":[{\"@type\":\"ListItem\",\"position\":1,\"name\":\"Accueil\",\"item\":\"https:\/\/www.arttech.com\/en\/\"},{\"@type\":\"ListItem\",\"position\":2,\"name\":\"Privacy policy\"}]},{\"@type\":\"WebSite\",\"@id\":\"https:\/\/www.arttech.com\/en\/#website\",\"url\":\"https:\/\/www.arttech.com\/en\/\",\"name\":\"Art&#039;Tech\",\"description\":\"Un site utilisant WordPress\",\"potentialAction\":[{\"@type\":\"SearchAction\",\"target\":{\"@type\":\"EntryPoint\",\"urlTemplate\":\"https:\/\/www.arttech.com\/en\/?s={search_term_string}\"},\"query-input\":{\"@type\":\"PropertyValueSpecification\",\"valueRequired\":true,\"valueName\":\"search_term_string\"}}],\"inLanguage\":\"en-GB\"}]}<\/script>\n<!-- \/ Yoast SEO plugin. -->","yoast_head_json":{"title":"Our privacy policy","robots":{"index":"index","follow":"follow","max-snippet":"max-snippet:-1","max-image-preview":"max-image-preview:large","max-video-preview":"max-video-preview:-1"},"canonical":"https:\/\/www.arttech.com\/en\/privacy-policy\/","og_locale":"en_GB","og_type":"article","og_title":"Our privacy policy","og_description":"[vc_row][vc_column][vc_column_text el_class=&#8221;titre-grand&#8221;] Privacy policy [\/vc_column_text][\/vc_column][\/vc_row][vc_row][vc_column][vc_column_text]Privacy Policy In accordance with the General Data Protection Regulation (GDPR) in force in the European Union since 25\/05\/2018, this privacy policy [\u2026]","og_url":"https:\/\/www.arttech.com\/en\/privacy-policy\/","og_site_name":"Art&#039;Tech","article_modified_time":"2022-03-11T13:54:47+00:00","twitter_card":"summary_large_image","twitter_misc":{"Estimated reading time":"2 minutes"},"schema":{"@context":"https:\/\/schema.org","@graph":[{"@type":"WebPage","@id":"https:\/\/www.arttech.com\/en\/privacy-policy\/","url":"https:\/\/www.arttech.com\/en\/privacy-policy\/","name":"Our privacy policy","isPartOf":{"@id":"https:\/\/www.arttech.com\/en\/#website"},"datePublished":"2022-01-27T15:39:41+00:00","dateModified":"2022-03-11T13:54:47+00:00","breadcrumb":{"@id":"https:\/\/www.arttech.com\/en\/privacy-policy\/#breadcrumb"},"inLanguage":"en-GB","potentialAction":[{"@type":"ReadAction","target":["https:\/\/www.arttech.com\/en\/privacy-policy\/"]}]},{"@type":"BreadcrumbList","@id":"https:\/\/www.arttech.com\/en\/privacy-policy\/#breadcrumb","itemListElement":[{"@type":"ListItem","position":1,"name":"Accueil","item":"https:\/\/www.arttech.com\/en\/"},{"@type":"ListItem","position":2,"name":"Privacy policy"}]},{"@type":"WebSite","@id":"https:\/\/www.arttech.com\/en\/#website","url":"https:\/\/www.arttech.com\/en\/","name":"Art&#039;Tech","description":"Un site utilisant WordPress","potentialAction":[{"@type":"SearchAction","target":{"@type":"EntryPoint","urlTemplate":"https:\/\/www.arttech.com\/en\/?s={search_term_string}"},"query-input":{"@type":"PropertyValueSpecification","valueRequired":true,"valueName":"search_term_string"}}],"inLanguage":"en-GB"}]}},"_links":{"self":[{"href":"https:\/\/www.arttech.com\/en\/wp-json\/wp\/v2\/pages\/385","targetHints":{"allow":["GET"]}}],"collection":[{"href":"https:\/\/www.arttech.com\/en\/wp-json\/wp\/v2\/pages"}],"about":[{"href":"https:\/\/www.arttech.com\/en\/wp-json\/wp\/v2\/types\/page"}],"author":[{"embeddable":true,"href":"https:\/\/www.arttech.com\/en\/wp-json\/wp\/v2\/users\/1"}],"replies":[{"embeddable":true,"href":"https:\/\/www.arttech.com\/en\/wp-json\/wp\/v2\/comments?post=385"}],"version-history":[{"count":5,"href":"https:\/\/www.arttech.com\/en\/wp-json\/wp\/v2\/pages\/385\/revisions"}],"predecessor-version":[{"id":457,"href":"https:\/\/www.arttech.com\/en\/wp-json\/wp\/v2\/pages\/385\/revisions\/457"}],"wp:attachment":[{"href":"https:\/\/www.arttech.com\/en\/wp-json\/wp\/v2\/media?parent=385"}],"curies":[{"name":"wp","href":"https:\/\/api.w.org\/{rel}","templated":true}]}}